{"id":172,"date":"2026-03-27T14:50:04","date_gmt":"2026-03-27T19:50:04","guid":{"rendered":"https:\/\/tecnolacec.com\/?page_id=172"},"modified":"2026-04-03T13:27:44","modified_gmt":"2026-04-03T18:27:44","slug":"home","status":"publish","type":"page","link":"https:\/\/tecnolacec.com\/","title":{"rendered":"HOME"},"content":{"rendered":"\t\t<div data-elementor-type=\"wp-page\" data-elementor-id=\"172\" class=\"elementor elementor-172\">\n\t\t\t\t<div class=\"aux-parallax-section elementor-element elementor-element-2ff5de8 e-flex e-con-boxed e-con e-parent\" data-id=\"2ff5de8\" data-element_type=\"container\" data-e-type=\"container\" data-settings=\"{&quot;background_background&quot;:&quot;slideshow&quot;,&quot;background_slideshow_gallery&quot;:[{&quot;id&quot;:135,&quot;url&quot;:&quot;https:\\\/\\\/tecnolacec.com\\\/wp-content\\\/uploads\\\/2025\\\/08\\\/3.jpg&quot;},{&quot;id&quot;:133,&quot;url&quot;:&quot;https:\\\/\\\/tecnolacec.com\\\/wp-content\\\/uploads\\\/2025\\\/08\\\/2.jpg&quot;},{&quot;id&quot;:132,&quot;url&quot;:&quot;https:\\\/\\\/tecnolacec.com\\\/wp-content\\\/uploads\\\/2025\\\/08\\\/1.jpg&quot;}],&quot;background_slideshow_loop&quot;:&quot;yes&quot;,&quot;background_slideshow_slide_duration&quot;:5000,&quot;background_slideshow_slide_transition&quot;:&quot;fade&quot;,&quot;background_slideshow_transition_duration&quot;:500}\">\n\t\t\t\t\t<div class=\"e-con-inner\">\n\t\t<div class=\"elementor-element elementor-element-df40ad4 e-con-full e-flex e-con e-child\" data-id=\"df40ad4\" data-element_type=\"container\" data-e-type=\"container\" data-settings=\"{&quot;background_background&quot;:&quot;classic&quot;}\">\n\t\t\t\t<div class=\"elementor-element elementor-element-01549a6 elementor-widget elementor-widget-heading\" data-id=\"01549a6\" data-element_type=\"widget\" data-e-type=\"widget\" data-widget_type=\"heading.default\">\n\t\t\t\t<div class=\"elementor-widget-container\">\n\t\t\t\t\t<h1 class=\"elementor-heading-title elementor-size-default\">EFICIENCIA, RENTABILIDAD &amp; AHORRO<\/h1>\t\t\t\t<\/div>\n\t\t\t\t<\/div>\n\t\t\t\t<div class=\"elementor-element elementor-element-89f57bb elementor-widget elementor-widget-heading\" data-id=\"89f57bb\" data-element_type=\"widget\" data-e-type=\"widget\" data-widget_type=\"heading.default\">\n\t\t\t\t<div class=\"elementor-widget-container\">\n\t\t\t\t\t<h2 class=\"elementor-heading-title elementor-size-default\">Tecnolog\u00eda de precisi\u00f3n para optimizar su producci\u00f3n l\u00e1ctea.<\/h2>\t\t\t\t<\/div>\n\t\t\t\t<\/div>\n\t\t\t\t<\/div>\n\t\t<div class=\"elementor-element elementor-element-ec34460 e-con-full e-flex e-con e-child\" data-id=\"ec34460\" data-element_type=\"container\" data-e-type=\"container\">\n\t\t\t\t<\/div>\n\t\t\t\t\t<\/div>\n\t\t\t\t<\/div>\n\t\t<div class=\"aux-parallax-section elementor-element elementor-element-undefined-cd164ab e-con-full e-flex e-con e-parent\" data-id=\"undefined-cd164ab\" data-element_type=\"container\" data-e-type=\"container\">\n\t\t<div class=\"elementor-element elementor-element-undefined-4012e20 e-con-full e-flex e-con e-child\" data-id=\"undefined-4012e20\" data-element_type=\"container\" data-e-type=\"container\">\n\t\t\t\t<div class=\"elementor-element elementor-element-undefined-82e7bbe elementor-widget elementor-widget-heading\" data-id=\"undefined-82e7bbe\" data-element_type=\"widget\" data-e-type=\"widget\" data-widget_type=\"heading.default\">\n\t\t\t\t<div class=\"elementor-widget-container\">\n\t\t\t\t\t<h5 class=\"elementor-heading-title elementor-size-default\">25 a\u00f1os de Experiencia.<\/h5>\t\t\t\t<\/div>\n\t\t\t\t<\/div>\n\t\t\t\t<div class=\"elementor-element elementor-element-undefined-ce13fd1 elementor-widget elementor-widget-heading\" data-id=\"undefined-ce13fd1\" data-element_type=\"widget\" data-e-type=\"widget\" data-widget_type=\"heading.default\">\n\t\t\t\t<div class=\"elementor-widget-container\">\n\t\t\t\t\t<h2 class=\"elementor-heading-title elementor-size-default\">TECNOLOG\u00cdA L\u00c1CTEA CON RESPALDO GLOBAL<\/h2>\t\t\t\t<\/div>\n\t\t\t\t<\/div>\n\t\t\t\t<\/div>\n\t\t<div class=\"elementor-element elementor-element-undefined-d20b212 e-con-full e-flex e-con e-child\" data-id=\"undefined-d20b212\" data-element_type=\"container\" data-e-type=\"container\">\n\t\t<div class=\"elementor-element elementor-element-undefined-bd36458 e-con-full e-flex e-con e-child\" data-id=\"undefined-bd36458\" data-element_type=\"container\" data-e-type=\"container\">\n\t\t\t\t<div class=\"elementor-element elementor-element-undefined-9891c9a elementor-widget__width-initial elementor-widget elementor-widget-image\" data-id=\"undefined-9891c9a\" data-element_type=\"widget\" data-e-type=\"widget\" data-widget_type=\"image.default\">\n\t\t\t\t<div class=\"elementor-widget-container\">\n\t\t\t\t\t\t\t\t\t\t\t\t\t\t\t<img fetchpriority=\"high\" decoding=\"async\" width=\"1024\" height=\"1024\" src=\"https:\/\/tecnolacec.com\/wp-content\/uploads\/2025\/08\/2-2-1024x1024.png\" class=\"attachment-large size-large wp-image-123\" alt=\"MUELLER_TECNOLAC\" srcset=\"https:\/\/tecnolacec.com\/wp-content\/uploads\/2025\/08\/2-2-1024x1024.png 1024w, https:\/\/tecnolacec.com\/wp-content\/uploads\/2025\/08\/2-2-300x300.png 300w, https:\/\/tecnolacec.com\/wp-content\/uploads\/2025\/08\/2-2-768x768.png 768w, https:\/\/tecnolacec.com\/wp-content\/uploads\/2025\/08\/2-2-1536x1536.png 1536w, https:\/\/tecnolacec.com\/wp-content\/uploads\/2025\/08\/2-2-2048x2048.png 2048w\" sizes=\"(max-width: 1024px) 100vw, 1024px\" \/>\t\t\t\t\t\t\t\t\t\t\t\t\t\t\t<\/div>\n\t\t\t\t<\/div>\n\t\t\t\t<div class=\"elementor-element elementor-element-9109cbd elementor-widget elementor-widget-button\" data-id=\"9109cbd\" data-element_type=\"widget\" data-e-type=\"widget\" data-widget_type=\"button.default\">\n\t\t\t\t<div class=\"elementor-widget-container\">\n\t\t\t\t\t\t\t\t\t<div class=\"elementor-button-wrapper\">\n\t\t\t\t\t<a class=\"elementor-button elementor-button-link elementor-size-sm\" href=\"https:\/\/www.paulmueller.com\/industries\/milk-cooling-and-storage?_gl=1*s83ido*_up*MQ..*_ga*OTQxMzA2NDYzLjE3NzUwNjY0OTU.*_ga_L76REK93PY*czE3NzUwNjY0OTUkbzEkZzAkdDE3NzUwNjY0OTUkajYwJGwwJGg4NjY4NTY5MzM.\">\n\t\t\t\t\t\t<span class=\"elementor-button-content-wrapper\">\n\t\t\t\t\t\t\t\t\t<span class=\"elementor-button-text\">CALIDAD AMERICANA EN  REFRIGERACION.<\/span>\n\t\t\t\t\t<\/span>\n\t\t\t\t\t<\/a>\n\t\t\t\t<\/div>\n\t\t\t\t\t\t\t\t<\/div>\n\t\t\t\t<\/div>\n\t\t\t\t<\/div>\n\t\t<div class=\"elementor-element elementor-element-undefined-6bed2f6 e-con-full e-flex e-con e-child\" data-id=\"undefined-6bed2f6\" data-element_type=\"container\" data-e-type=\"container\">\n\t\t\t\t<div class=\"elementor-element elementor-element-undefined-d6fb340 elementor-widget__width-initial elementor-widget elementor-widget-image\" data-id=\"undefined-d6fb340\" data-element_type=\"widget\" data-e-type=\"widget\" data-widget_type=\"image.default\">\n\t\t\t\t<div class=\"elementor-widget-container\">\n\t\t\t\t\t\t\t\t\t\t\t\t\t\t\t<img decoding=\"async\" width=\"300\" height=\"300\" src=\"https:\/\/tecnolacec.com\/wp-content\/uploads\/2025\/08\/3-300x300.png\" class=\"attachment-medium size-medium wp-image-125\" alt=\"PANAZOO_TECNOLAC\" srcset=\"https:\/\/tecnolacec.com\/wp-content\/uploads\/2025\/08\/3-300x300.png 300w, https:\/\/tecnolacec.com\/wp-content\/uploads\/2025\/08\/3-1024x1024.png 1024w, https:\/\/tecnolacec.com\/wp-content\/uploads\/2025\/08\/3-768x768.png 768w, https:\/\/tecnolacec.com\/wp-content\/uploads\/2025\/08\/3-1536x1536.png 1536w, https:\/\/tecnolacec.com\/wp-content\/uploads\/2025\/08\/3-2048x2048.png 2048w\" sizes=\"(max-width: 300px) 100vw, 300px\" \/>\t\t\t\t\t\t\t\t\t\t\t\t\t\t\t<\/div>\n\t\t\t\t<\/div>\n\t\t\t\t<div class=\"elementor-element elementor-element-7b75209 elementor-widget elementor-widget-button\" data-id=\"7b75209\" data-element_type=\"widget\" data-e-type=\"widget\" data-widget_type=\"button.default\">\n\t\t\t\t<div class=\"elementor-widget-container\">\n\t\t\t\t\t\t\t\t\t<div class=\"elementor-button-wrapper\">\n\t\t\t\t\t<a class=\"elementor-button elementor-button-link elementor-size-sm\" href=\"#ad\">\n\t\t\t\t\t\t<span class=\"elementor-button-content-wrapper\">\n\t\t\t\t\t\t\t\t\t<span class=\"elementor-button-text\">DISE\u00d1O ITALIANO PARA ORDE\u00d1O.<\/span>\n\t\t\t\t\t<\/span>\n\t\t\t\t\t<\/a>\n\t\t\t\t<\/div>\n\t\t\t\t\t\t\t\t<\/div>\n\t\t\t\t<\/div>\n\t\t\t\t<\/div>\n\t\t<div class=\"elementor-element elementor-element-undefined-f9aad92 e-con-full e-flex e-con e-child\" data-id=\"undefined-f9aad92\" data-element_type=\"container\" data-e-type=\"container\">\n\t\t\t\t<div class=\"elementor-element elementor-element-undefined-c23fdec elementor-widget__width-initial elementor-widget elementor-widget-image\" data-id=\"undefined-c23fdec\" data-element_type=\"widget\" data-e-type=\"widget\" data-widget_type=\"image.default\">\n\t\t\t\t<div class=\"elementor-widget-container\">\n\t\t\t\t\t\t\t\t\t\t\t\t\t\t\t<img decoding=\"async\" width=\"300\" height=\"300\" src=\"https:\/\/tecnolacec.com\/wp-content\/uploads\/2025\/08\/1-3-300x300.png\" class=\"attachment-medium size-medium wp-image-124\" alt=\"SILICONFORM_TECNOLAC\" srcset=\"https:\/\/tecnolacec.com\/wp-content\/uploads\/2025\/08\/1-3-300x300.png 300w, https:\/\/tecnolacec.com\/wp-content\/uploads\/2025\/08\/1-3-150x150.png 150w, https:\/\/tecnolacec.com\/wp-content\/uploads\/2025\/08\/1-3-1024x1024.png 1024w, https:\/\/tecnolacec.com\/wp-content\/uploads\/2025\/08\/1-3-768x768.png 768w, https:\/\/tecnolacec.com\/wp-content\/uploads\/2025\/08\/1-3-1536x1536.png 1536w, https:\/\/tecnolacec.com\/wp-content\/uploads\/2025\/08\/1-3-2048x2048.png 2048w\" sizes=\"(max-width: 300px) 100vw, 300px\" \/>\t\t\t\t\t\t\t\t\t\t\t\t\t\t\t<\/div>\n\t\t\t\t<\/div>\n\t\t\t\t<div class=\"elementor-element elementor-element-15d3a02 elementor-widget elementor-widget-button\" data-id=\"15d3a02\" data-element_type=\"widget\" data-e-type=\"widget\" data-widget_type=\"button.default\">\n\t\t\t\t<div class=\"elementor-widget-container\">\n\t\t\t\t\t\t\t\t\t<div class=\"elementor-button-wrapper\">\n\t\t\t\t\t<a class=\"elementor-button elementor-button-link elementor-size-sm\" href=\"#ad\">\n\t\t\t\t\t\t<span class=\"elementor-button-content-wrapper\">\n\t\t\t\t\t\t\t\t\t<span class=\"elementor-button-text\">INGENIER\u00cdA ALEMANA EN SILIC\u00d3N.<\/span>\n\t\t\t\t\t<\/span>\n\t\t\t\t\t<\/a>\n\t\t\t\t<\/div>\n\t\t\t\t\t\t\t\t<\/div>\n\t\t\t\t<\/div>\n\t\t\t\t<\/div>\n\t\t\t\t<\/div>\n\t\t\t\t<\/div>\n\t\t<div class=\"aux-parallax-section elementor-element elementor-element-undefined-d48d1f2 e-flex e-con-boxed e-con e-parent\" data-id=\"undefined-d48d1f2\" data-element_type=\"container\" data-e-type=\"container\">\n\t\t\t\t\t<div class=\"e-con-inner\">\n\t\t<div class=\"elementor-element elementor-element-undefined-418f66a e-flex e-con-boxed e-con e-child\" data-id=\"undefined-418f66a\" data-element_type=\"container\" data-e-type=\"container\">\n\t\t\t\t\t<div class=\"e-con-inner\">\n\t\t\t\t<div class=\"elementor-element elementor-element-undefined-29fea98 elementor-widget elementor-widget-heading\" data-id=\"undefined-29fea98\" data-element_type=\"widget\" data-e-type=\"widget\" data-widget_type=\"heading.default\">\n\t\t\t\t<div class=\"elementor-widget-container\">\n\t\t\t\t\t<h5 class=\"elementor-heading-title elementor-size-default\">REPRESENTACIONES EXCLUSIVAS Y SOPORTE T\u00c9CNICO AUTORIZADO.<\/h5>\t\t\t\t<\/div>\n\t\t\t\t<\/div>\n\t\t\t\t<div class=\"elementor-element elementor-element-undefined-b1b3958 elementor-widget elementor-widget-heading\" data-id=\"undefined-b1b3958\" data-element_type=\"widget\" data-e-type=\"widget\" data-widget_type=\"heading.default\">\n\t\t\t\t<div class=\"elementor-widget-container\">\n\t\t\t\t\t<h2 class=\"elementor-heading-title elementor-size-default\">Alianzas directas con los fabricantes l\u00edderes para garantizar repuestos originales y garant\u00eda de f\u00e1brica.<\/h2>\t\t\t\t<\/div>\n\t\t\t\t<\/div>\n\t\t\t\t\t<\/div>\n\t\t\t\t<\/div>\n\t\t\t\t\t<\/div>\n\t\t\t\t<\/div>\n\t\t<div class=\"aux-parallax-section elementor-element elementor-element-8c2f348 e-flex e-con-boxed e-con e-parent\" data-id=\"8c2f348\" data-element_type=\"container\" data-e-type=\"container\" data-settings=\"{&quot;background_background&quot;:&quot;classic&quot;}\">\n\t\t\t\t\t<div class=\"e-con-inner\">\n\t\t\t\t<div class=\"elementor-element elementor-element-e803c0a elementor-widget elementor-widget-aux_button\" data-id=\"e803c0a\" data-element_type=\"widget\" data-e-type=\"widget\" data-widget_type=\"aux_button.default\">\n\t\t\t\t<div class=\"elementor-widget-container\">\n\t\t\t\t\t<button   class=\"aux-button aux-large aux-tiffany-blue aux-round aux-none aux-uppercase\" ><span class=\"aux-overlay\"><\/span><span class=\"aux-text\">NUESTRO CATALOGO<\/span><\/button>\t\t\t\t<\/div>\n\t\t\t\t<\/div>\n\t\t\t\t\t<\/div>\n\t\t\t\t<\/div>\n\t\t<div class=\"aux-parallax-section elementor-element elementor-element-8d02b21 e-flex e-con-boxed e-con e-parent\" data-id=\"8d02b21\" data-element_type=\"container\" data-e-type=\"container\">\n\t\t\t\t\t<div class=\"e-con-inner\">\n\t\t\t\t<div class=\"elementor-element elementor-element-cf34c57 elementor-widget elementor-widget-image-carousel\" data-id=\"cf34c57\" data-element_type=\"widget\" data-e-type=\"widget\" data-settings=\"{&quot;slides_to_show&quot;:&quot;3&quot;,&quot;slides_to_scroll&quot;:&quot;1&quot;,&quot;navigation&quot;:&quot;none&quot;,&quot;autoplay_speed&quot;:2500,&quot;autoplay&quot;:&quot;yes&quot;,&quot;infinite&quot;:&quot;yes&quot;,&quot;speed&quot;:500}\" data-widget_type=\"image-carousel.default\">\n\t\t\t\t<div class=\"elementor-widget-container\">\n\t\t\t\t\t\t\t<div class=\"elementor-image-carousel-wrapper swiper\" role=\"region\" aria-roledescription=\"carousel\" aria-label=\"Carrusel de im\u00e1genes\" dir=\"ltr\">\n\t\t\t<div class=\"elementor-image-carousel swiper-wrapper\" aria-live=\"off\">\n\t\t\t\t\t\t\t\t<div class=\"swiper-slide\" role=\"group\" aria-roledescription=\"slide\" aria-label=\"1 of 10\"><figure class=\"swiper-slide-inner\"><img decoding=\"async\" class=\"swiper-slide-image\" src=\"https:\/\/tecnolacec.com\/wp-content\/uploads\/2025\/08\/2-2-300x300.png\" alt=\"MUELLER_TECNOLAC\" \/><\/figure><\/div><div class=\"swiper-slide\" role=\"group\" aria-roledescription=\"slide\" aria-label=\"2 of 10\"><figure class=\"swiper-slide-inner\"><img decoding=\"async\" class=\"swiper-slide-image\" src=\"https:\/\/tecnolacec.com\/wp-content\/uploads\/2025\/08\/3-300x300.png\" alt=\"PANAZOO_TECNOLAC\" \/><\/figure><\/div><div class=\"swiper-slide\" role=\"group\" aria-roledescription=\"slide\" aria-label=\"3 of 10\"><figure class=\"swiper-slide-inner\"><img decoding=\"async\" class=\"swiper-slide-image\" src=\"https:\/\/tecnolacec.com\/wp-content\/uploads\/2025\/08\/1-3-300x300.png\" alt=\"SILICONFORM_TECNOLAC\" \/><\/figure><\/div><div class=\"swiper-slide\" role=\"group\" aria-roledescription=\"slide\" aria-label=\"4 of 10\"><figure class=\"swiper-slide-inner\"><img decoding=\"async\" class=\"swiper-slide-image\" src=\"https:\/\/tecnolacec.com\/wp-content\/uploads\/2026\/04\/DELVAL_tecnolac_repuestos_accesorios_equipos_bombas-de-vacio-2-300x200.png\" alt=\"DELVAL_tecnolac_repuestos_accesorios_equipos_bombas de vacio (2)\" \/><\/figure><\/div><div class=\"swiper-slide\" role=\"group\" aria-roledescription=\"slide\" aria-label=\"5 of 10\"><figure class=\"swiper-slide-inner\"><img decoding=\"async\" class=\"swiper-slide-image\" src=\"https:\/\/tecnolacec.com\/wp-content\/uploads\/2026\/04\/CTA_tecnolac_repuestos_accesorios_equipos_bombas-de-vacio-2-300x200.png\" alt=\"CTA_tecnolac_repuestos_accesorios_equipos_bombas de vacio (2)\" \/><\/figure><\/div><div class=\"swiper-slide\" role=\"group\" aria-roledescription=\"slide\" aria-label=\"6 of 10\"><figure class=\"swiper-slide-inner\"><img decoding=\"async\" class=\"swiper-slide-image\" src=\"https:\/\/tecnolacec.com\/wp-content\/uploads\/2026\/04\/BOUMATIC_tecnolac_repuestos_accesorios_equipos_bombas-de-vacio-300x200.png\" alt=\"BOUMATIC_tecnolac_repuestos_accesorios_equipos_bombas de vacio\" \/><\/figure><\/div><div class=\"swiper-slide\" role=\"group\" aria-roledescription=\"slide\" aria-label=\"7 of 10\"><figure class=\"swiper-slide-inner\"><img decoding=\"async\" class=\"swiper-slide-image\" src=\"https:\/\/tecnolacec.com\/wp-content\/uploads\/2026\/04\/GEA_tecnolac_repuestos_accesorios_equipos_bombas-de-vacio-2-300x200.png\" alt=\"GEA_tecnolac_repuestos_accesorios_equipos_bombas de vacio (2)\" \/><\/figure><\/div><div class=\"swiper-slide\" role=\"group\" aria-roledescription=\"slide\" aria-label=\"8 of 10\"><figure class=\"swiper-slide-inner\"><img decoding=\"async\" class=\"swiper-slide-image\" src=\"https:\/\/tecnolacec.com\/wp-content\/uploads\/2026\/04\/WESTFALIA_SURGE_tecnolac_repuestos_accesorios_equipos_bombas-de-vacio-e1775082415319-300x124.png\" alt=\"WESTFALIA_SURGE_tecnolac_repuestos_accesorios_equipos_bombas de vacio\" \/><\/figure><\/div><div class=\"swiper-slide\" role=\"group\" aria-roledescription=\"slide\" aria-label=\"9 of 10\"><figure class=\"swiper-slide-inner\"><img decoding=\"async\" class=\"swiper-slide-image\" src=\"https:\/\/tecnolacec.com\/wp-content\/uploads\/2026\/04\/MILKRITE-INTERPULSE_tecnolac_repuestos_accesorios_equipos_bombas-de-vacio-300x200.png\" alt=\"MILKRITE INTERPULSE_tecnolac_repuestos_accesorios_equipos_bombas de vacio\" \/><\/figure><\/div><div class=\"swiper-slide\" role=\"group\" aria-roledescription=\"slide\" aria-label=\"10 of 10\"><figure class=\"swiper-slide-inner\"><img decoding=\"async\" class=\"swiper-slide-image\" src=\"https:\/\/tecnolacec.com\/wp-content\/uploads\/2026\/04\/RODEG_tecnolac_repuestos_accesorios_equipos_bombas-de-vacio-300x200.png\" alt=\"RODEG_tecnolac_repuestos_accesorios_equipos_bombas de vacio\" \/><\/figure><\/div>\t\t\t<\/div>\n\t\t\t\t\t\t\t\n\t\t\t\t\t\t\t\t\t<\/div>\n\t\t\t\t\t\t<\/div>\n\t\t\t\t<\/div>\n\t\t\t\t\t<\/div>\n\t\t\t\t<\/div>\n\t\t\t\t<\/div>\n\t\t","protected":false},"excerpt":{"rendered":"<p>EFICIENCIA, RENTABILIDAD &amp; AHORRO Tecnolog\u00eda de precisi\u00f3n para optimizar su producci\u00f3n l\u00e1ctea. 25 a\u00f1os de Experiencia. TECNOLOG\u00cdA L\u00c1CTEA CON RESPALDO GLOBAL CALIDAD AMERICANA EN REFRIGERACION. DISE\u00d1O ITALIANO PARA ORDE\u00d1O. INGENIER\u00cdA ALEMANA EN SILIC\u00d3N. REPRESENTACIONES EXCLUSIVAS Y SOPORTE T\u00c9CNICO AUTORIZADO. Alianzas directas con los fabricantes l\u00edderes para garantizar repuestos originales y garant\u00eda de f\u00e1brica. NUESTRO CATALOGO<\/p>\n","protected":false},"author":1,"featured_media":0,"parent":0,"menu_order":0,"comment_status":"closed","ping_status":"closed","template":"","meta":{"footnotes":""},"class_list":["post-172","page","type-page","status-publish","hentry"],"_links":{"self":[{"href":"https:\/\/tecnolacec.com\/index.php?rest_route=\/wp\/v2\/pages\/172","targetHints":{"allow":["GET"]}}],"collection":[{"href":"https:\/\/tecnolacec.com\/index.php?rest_route=\/wp\/v2\/pages"}],"about":[{"href":"https:\/\/tecnolacec.com\/index.php?rest_route=\/wp\/v2\/types\/page"}],"author":[{"embeddable":true,"href":"https:\/\/tecnolacec.com\/index.php?rest_route=\/wp\/v2\/users\/1"}],"replies":[{"embeddable":true,"href":"https:\/\/tecnolacec.com\/index.php?rest_route=%2Fwp%2Fv2%2Fcomments&post=172"}],"version-history":[{"count":78,"href":"https:\/\/tecnolacec.com\/index.php?rest_route=\/wp\/v2\/pages\/172\/revisions"}],"predecessor-version":[{"id":297,"href":"https:\/\/tecnolacec.com\/index.php?rest_route=\/wp\/v2\/pages\/172\/revisions\/297"}],"wp:attachment":[{"href":"https:\/\/tecnolacec.com\/index.php?rest_route=%2Fwp%2Fv2%2Fmedia&parent=172"}],"curies":[{"name":"wp","href":"https:\/\/api.w.org\/{rel}","templated":true}]}}